{"id":39,"date":"2018-06-28T19:22:00","date_gmt":"2018-06-28T19:22:00","guid":{"rendered":"http:\/\/andrzejzdanowicz.eu\/?page_id=39"},"modified":"2022-05-22T07:47:14","modified_gmt":"2022-05-22T07:47:14","slug":"o-mnie","status":"publish","type":"page","link":"https:\/\/andrzejzdanowicz.eu\/?page_id=39","title":{"rendered":"O mnie"},"content":{"rendered":"<p><img decoding=\"async\" loading=\"lazy\" class=\"wp-image-40 alignleft\" src=\"http:\/\/andrzejzdanowicz.eu\/wp-content\/uploads\/2018\/06\/2-2.jpg\" alt=\"\" width=\"610\" height=\"416\" srcset=\"https:\/\/andrzejzdanowicz.eu\/wp-content\/uploads\/2018\/06\/2-2.jpg 2000w, https:\/\/andrzejzdanowicz.eu\/wp-content\/uploads\/2018\/06\/2-2-300x205.jpg 300w, https:\/\/andrzejzdanowicz.eu\/wp-content\/uploads\/2018\/06\/2-2-768x524.jpg 768w, https:\/\/andrzejzdanowicz.eu\/wp-content\/uploads\/2018\/06\/2-2-1024x699.jpg 1024w, https:\/\/andrzejzdanowicz.eu\/wp-content\/uploads\/2018\/06\/2-2-476x325.jpg 476w, https:\/\/andrzejzdanowicz.eu\/wp-content\/uploads\/2018\/06\/2-2-512x350.jpg 512w\" sizes=\"(max-width: 610px) 100vw, 610px\" \/><\/p>\n<p><em>Tematem moich obraz\u00f3w w znakomitej wi\u0119kszo\u015bci jest walka. Walka w szerokim tego s\u0142owa znaczeniu, bo nawet je\u015bli maluj\u0119 obraz traktuj\u0105cy<\/em><br \/>\n<em>o mi\u0142o\u015bci, powstaje praca, kt\u00f3ra kategorycznie mi\u0142o\u015b\u0107 bez walki odrzuca. Pejza\u017c toska\u0144ski lub inny, pokryty siatk\u0105 \u015blad\u00f3w przesz\u0142ych zmaga\u0144, jest obrazem walki. Gra w karty, pe\u0142na podst\u0119pnej strategii, jest walk\u0105. Forma obrazu jak\u0105 jest p\u0142\u00f3tno<\/em><br \/>\n<em>i spos\u00f3b nie\u015bpiesznego k\u0142adzenia farby to pozory.<\/em><br \/>\n<em>W tle czai si\u0119 gwa\u0142towno\u015b\u0107 emocji malarza targanego si\u0142\u0105 tradycji i niepewno\u015bci\u0105 jutra. Maluj\u0105c, na podobie\u0144stwo Alicji z Krainy Czar\u00f3w przekraczam kolejne tafle lustra, za kt\u00f3rymi czai si\u0119, czai si\u0119, \u2026. No co?<\/em><\/p>\n<p>Profesor na Wydziale Malarstwa i Rysunku w Uniwersytecie Artystycznym w Poznaniu.<\/p>\n","protected":false},"excerpt":{"rendered":"<p>Tematem moich obraz\u00f3w w znakomitej wi\u0119kszo\u015bci jest walka. Walka w szerokim tego s\u0142owa znaczeniu, bo nawet je\u015bli maluj\u0119 obraz traktuj\u0105cy o mi\u0142o\u015bci, powstaje praca, kt\u00f3ra kategorycznie mi\u0142o\u015b\u0107 bez walki odrzuca. Pejza\u017c toska\u0144ski lub inny, pokryty siatk\u0105 \u015blad\u00f3w przesz\u0142ych zmaga\u0144, jest obrazem walki. Gra w karty, pe\u0142na podst\u0119pnej strategii, jest walk\u0105. &hellip;<\/p>\n","protected":false},"author":1,"featured_media":0,"parent":0,"menu_order":0,"comment_status":"closed","ping_status":"closed","template":"","meta":[],"_links":{"self":[{"href":"https:\/\/andrzejzdanowicz.eu\/index.php?rest_route=\/wp\/v2\/pages\/39"}],"collection":[{"href":"https:\/\/andrzejzdanowicz.eu\/index.php?rest_route=\/wp\/v2\/pages"}],"about":[{"href":"https:\/\/andrzejzdanowicz.eu\/index.php?rest_route=\/wp\/v2\/types\/page"}],"author":[{"embeddable":true,"href":"https:\/\/andrzejzdanowicz.eu\/index.php?rest_route=\/wp\/v2\/users\/1"}],"replies":[{"embeddable":true,"href":"https:\/\/andrzejzdanowicz.eu\/index.php?rest_route=%2Fwp%2Fv2%2Fcomments&post=39"}],"version-history":[{"count":14,"href":"https:\/\/andrzejzdanowicz.eu\/index.php?rest_route=\/wp\/v2\/pages\/39\/revisions"}],"predecessor-version":[{"id":2088,"href":"https:\/\/andrzejzdanowicz.eu\/index.php?rest_route=\/wp\/v2\/pages\/39\/revisions\/2088"}],"wp:attachment":[{"href":"https:\/\/andrzejzdanowicz.eu\/index.php?rest_route=%2Fwp%2Fv2%2Fmedia&parent=39"}],"curies":[{"name":"wp","href":"https:\/\/api.w.org\/{rel}","templated":true}]}}